{"id":46,"date":"2020-05-21T20:50:59","date_gmt":"2020-05-21T18:50:59","guid":{"rendered":"https:\/\/stefanpaschke.de\/wordpress\/?page_id=46"},"modified":"2020-05-21T20:51:00","modified_gmt":"2020-05-21T18:51:00","slug":"link-me","status":"publish","type":"page","link":"https:\/\/stefanpaschke.de\/wordpress\/links\/link-me\/","title":{"rendered":"Link me"},"content":{"rendered":"\n<p>F\u00fcr den Fall das du stefanpaschke.de auf deiner oder einer anderen Seite verlinken m\u00f6chtest, gibt es hier einen entsprechenden Code dazu.<br>Den rot gef\u00e4rbten Code markierst du mit dem Cursor und Kopierst ihn dann mittels Rechtsklick.<br>Auf deiner Website f\u00fcgst du diesen Code dann an beliebiger Stelle ins html Script ein.<br><\/p>\n\n\n\n<h3 class=\"wp-block-heading\" id=\"a3\"><span class=\"has-inline-color has-vivid-red-color\">&lt;a href=&#8220;https:\/\/www.stefanpaschke.de&#8220; title=&#8220;stefanpaschke.de&#8220; target=&#8220;_blank&#8220;>stefanpaschke.de&lt;\/a><\/span><\/h3>\n\n\n\n<p>Dieser Code wird dann auf deiner Website wie folgt dargestellt: <a href=\"https:\/\/www.stefanpaschke.de\" target=\"_blank\" rel=\"noreferrer noopener\">stefanpaschke.de<\/a><\/p>\n","protected":false},"excerpt":{"rendered":"<p>F\u00fcr den Fall das du stefanpaschke.de auf deiner oder einer anderen Seite verlinken m\u00f6chtest, gibt es hier einen entsprechenden Code dazu.Den rot gef\u00e4rbten Code markierst du mit dem Cursor und Kopierst ihn dann mittels Rechtsklick.Auf deiner Website f\u00fcgst du diesen Code dann an beliebiger Stelle ins html Script ein. &lt;a href=&#8220;https:\/\/www.stefanpaschke.de&#8220; title=&#8220;stefanpaschke.de&#8220; target=&#8220;_blank&#8220;>stefanpaschke.de&lt;\/a> Dieser Code &#8230; <a title=\"Link me\" class=\"read-more\" href=\"https:\/\/stefanpaschke.de\/wordpress\/links\/link-me\/\" aria-label=\"Mehr Informationen \u00fcber Link me\">Weiterlesen<\/a><\/p>\n","protected":false},"author":1,"featured_media":0,"parent":44,"menu_order":0,"comment_status":"closed","ping_status":"closed","template":"","meta":{"footnotes":""},"class_list":["post-46","page","type-page","status-publish"],"_links":{"self":[{"href":"https:\/\/stefanpaschke.de\/wordpress\/wp-json\/wp\/v2\/pages\/46","targetHints":{"allow":["GET"]}}],"collection":[{"href":"https:\/\/stefanpaschke.de\/wordpress\/wp-json\/wp\/v2\/pages"}],"about":[{"href":"https:\/\/stefanpaschke.de\/wordpress\/wp-json\/wp\/v2\/types\/page"}],"author":[{"embeddable":true,"href":"https:\/\/stefanpaschke.de\/wordpress\/wp-json\/wp\/v2\/users\/1"}],"replies":[{"embeddable":true,"href":"https:\/\/stefanpaschke.de\/wordpress\/wp-json\/wp\/v2\/comments?post=46"}],"version-history":[{"count":1,"href":"https:\/\/stefanpaschke.de\/wordpress\/wp-json\/wp\/v2\/pages\/46\/revisions"}],"predecessor-version":[{"id":47,"href":"https:\/\/stefanpaschke.de\/wordpress\/wp-json\/wp\/v2\/pages\/46\/revisions\/47"}],"up":[{"embeddable":true,"href":"https:\/\/stefanpaschke.de\/wordpress\/wp-json\/wp\/v2\/pages\/44"}],"wp:attachment":[{"href":"https:\/\/stefanpaschke.de\/wordpress\/wp-json\/wp\/v2\/media?parent=46"}],"curies":[{"name":"wp","href":"https:\/\/api.w.org\/{rel}","templated":true}]}}