{"id":41,"date":"2020-05-21T20:43:25","date_gmt":"2020-05-21T18:43:25","guid":{"rendered":"https:\/\/stefanpaschke.de\/wordpress\/?page_id=41"},"modified":"2020-05-21T20:43:26","modified_gmt":"2020-05-21T18:43:26","slug":"voltcraft-energy-monitor-3000-keine-spannungsanzeige-mehr","status":"publish","type":"page","link":"https:\/\/stefanpaschke.de\/wordpress\/inhalt\/voltcraft-energy-monitor-3000-keine-spannungsanzeige-mehr\/","title":{"rendered":"Voltcraft Energy Monitor 3000 keine Spannungsanzeige mehr"},"content":{"rendered":"\n<p>Sollte euer Voltcraft Energy Monitor 3000 (Energiekostenmessger\u00e4t) nach einem Batteriewechsel (interne Pufferbatterie CR1620 Knopfzelle) keine Spannung mehr anzeigen, so m\u00fcsst ihr das Ger\u00e4t neu kalibrieren.<\/p>\n\n\n\n<p>Dazu braucht ihr einen Spannungsmesser (Multimeter, auf jeden Fall ein Ger\u00e4t, welches euch die Spannung mit min. 1 Volt genauigkeit anzeigt).<\/p>\n\n\n\n<p>Steckt nach dem durchgef\u00fchrten Batteriewechsel den Energy Monitor 3000 in die Steckdose und dr\u00fcckt jetzt alle vier Tasten gleichzeitig !<br>Das Display erlischt bzw. zeigt nichts mehr an.<br>Nun m\u00fcsst ihr mehrmal die &#8222;Min\/Max&#8220; Teste dr\u00fccken bis das Display wieder etwas anzeigt (da sollte jetzt etwas wie &#8222;CAL 1&#8220; und &#8222;270&#8220; stehen, was bedeutet das sich das Ger\u00e4t im Kalibrierungsmodus befindet und die vorgegebende kalibrierte Netzspannung bei 270V liegt).<br>Nun m\u00fcsst ihr den Spannungsmesser in die Kontakte der Steckdose des Energy Monitor 3000 stecken und die momentane Netzspannung messen.<br>Diese Spannung gebt ihr nun in den Energy Monitor 3000 ein (zum \u00e4ndern des Wertes k\u00f6nnt ihr die &#8222;Mode&#8220; und die &#8222;Forecast&#8220; Taste verwenden (Mode \u00e4ndert die aktuelle Position und Forecast wechselt zur n\u00e4chsten Stelle der anzeige)).<br>Wenn ihr die korrekte Spannung eingestellt habt, dr\u00fcckt die &#8222;Tarif&#8220; Taste umd die Spannungskalibrierung abzuschlie\u00dfen.<\/p>\n\n\n\n<p>Als n\u00e4chstes erscheint &#8222;CAL 2&#8220; auf dem Display.<br>Hier k\u00f6nnen nur verschiedene Werte ver\u00e4ndert werden (es folgen jeweils noch weitere Men\u00fcpunkte wie CAL 3 usw.<br>Durch alle Punkte schaltet ihr durch dr\u00fccken der &#8222;Tarif&#8220; Taste durch (ver\u00e4ndern braucht ihr hier nichts, denn nur die Spannung muss nach einem Batteriewechsel neu kalibriert werden !)<\/p>\n\n\n\n<p>Das Ger\u00e4t funktioniert nun wieder wie gewohnt.<\/p>\n","protected":false},"excerpt":{"rendered":"<p>Sollte euer Voltcraft Energy Monitor 3000 (Energiekostenmessger\u00e4t) nach einem Batteriewechsel (interne Pufferbatterie CR1620 Knopfzelle) keine Spannung mehr anzeigen, so m\u00fcsst ihr das Ger\u00e4t neu kalibrieren. Dazu braucht ihr einen Spannungsmesser (Multimeter, auf jeden Fall ein Ger\u00e4t, welches euch die Spannung mit min. 1 Volt genauigkeit anzeigt). Steckt nach dem durchgef\u00fchrten Batteriewechsel den Energy Monitor 3000 &#8230; <a title=\"Voltcraft Energy Monitor 3000 keine Spannungsanzeige mehr\" class=\"read-more\" href=\"https:\/\/stefanpaschke.de\/wordpress\/inhalt\/voltcraft-energy-monitor-3000-keine-spannungsanzeige-mehr\/\" aria-label=\"Mehr Informationen \u00fcber Voltcraft Energy Monitor 3000 keine Spannungsanzeige mehr\">Weiterlesen<\/a><\/p>\n","protected":false},"author":1,"featured_media":0,"parent":33,"menu_order":0,"comment_status":"closed","ping_status":"closed","template":"","meta":{"footnotes":""},"class_list":["post-41","page","type-page","status-publish"],"_links":{"self":[{"href":"https:\/\/stefanpaschke.de\/wordpress\/wp-json\/wp\/v2\/pages\/41","targetHints":{"allow":["GET"]}}],"collection":[{"href":"https:\/\/stefanpaschke.de\/wordpress\/wp-json\/wp\/v2\/pages"}],"about":[{"href":"https:\/\/stefanpaschke.de\/wordpress\/wp-json\/wp\/v2\/types\/page"}],"author":[{"embeddable":true,"href":"https:\/\/stefanpaschke.de\/wordpress\/wp-json\/wp\/v2\/users\/1"}],"replies":[{"embeddable":true,"href":"https:\/\/stefanpaschke.de\/wordpress\/wp-json\/wp\/v2\/comments?post=41"}],"version-history":[{"count":1,"href":"https:\/\/stefanpaschke.de\/wordpress\/wp-json\/wp\/v2\/pages\/41\/revisions"}],"predecessor-version":[{"id":42,"href":"https:\/\/stefanpaschke.de\/wordpress\/wp-json\/wp\/v2\/pages\/41\/revisions\/42"}],"up":[{"embeddable":true,"href":"https:\/\/stefanpaschke.de\/wordpress\/wp-json\/wp\/v2\/pages\/33"}],"wp:attachment":[{"href":"https:\/\/stefanpaschke.de\/wordpress\/wp-json\/wp\/v2\/media?parent=41"}],"curies":[{"name":"wp","href":"https:\/\/api.w.org\/{rel}","templated":true}]}}