{"id":37,"date":"2020-05-21T20:41:03","date_gmt":"2020-05-21T18:41:03","guid":{"rendered":"https:\/\/stefanpaschke.de\/wordpress\/?page_id=37"},"modified":"2020-05-21T20:41:04","modified_gmt":"2020-05-21T18:41:04","slug":"garmin-virb-ultra-30-kartenfehler","status":"publish","type":"page","link":"https:\/\/stefanpaschke.de\/wordpress\/inhalt\/garmin-virb-ultra-30-kartenfehler\/","title":{"rendered":"Garmin Virb Ultra 30 Kartenfehler"},"content":{"rendered":"\n<p>Wenn ihr euch an die Empfehlung seitens Garmin bei den f\u00fcr die Kamera empfohlenen Karten haltet und euch eine Samsung Pro Plus microSd Karte zulegt, werdet ihr mit an Sicherheit grenzender Wahrscheinlichkeit auf die gleichen Probleme sto\u00dfen, wie viele andere auch.<\/p>\n\n\n\n<p>Die Samsung Karten sind gut und funktionieren auch super,\u2026.in anderen Ger\u00e4ten.<br>In der Garmin Virb Ultra 30 allerdings \u00fcberhitzen die Karten f\u00fcrchterlich (sie sind nicht mehr anzufassen) und in Folge dessen produzieren sie dann Speicherfehler was letztenendes zum Ausfall des aufgenommenen Videos oder des Fotos f\u00fchrt.<br>Garmin listet diese Speicherkarten bis heute als &#8222;Funktionsf\u00e4hig&#8220; mit der Virb Ultra 30 auf der Webseite.<br>Im Grunde stimmt das auch, denn die Karte funktioniert mit der Kamera, nur eben nicht \u00fcber einen l\u00e4ngeren Zeitraum im eingeschalteten Zustand der Kamera.<\/p>\n\n\n\n<p>Als L\u00f6sung habe ich zu einer SanDisk Karte gegriffen.<br>Auch diese Karten werden auf der Garmin-Seite gelistet, allerdings scheinen sie mit den Temperaturen innerhalb der Garmin Virb Ultra 30 besser zurecht zu kommen als die Samsung Karten.<\/p>\n","protected":false},"excerpt":{"rendered":"<p>Wenn ihr euch an die Empfehlung seitens Garmin bei den f\u00fcr die Kamera empfohlenen Karten haltet und euch eine Samsung Pro Plus microSd Karte zulegt, werdet ihr mit an Sicherheit grenzender Wahrscheinlichkeit auf die gleichen Probleme sto\u00dfen, wie viele andere auch. Die Samsung Karten sind gut und funktionieren auch super,\u2026.in anderen Ger\u00e4ten.In der Garmin Virb &#8230; <a title=\"Garmin Virb Ultra 30 Kartenfehler\" class=\"read-more\" href=\"https:\/\/stefanpaschke.de\/wordpress\/inhalt\/garmin-virb-ultra-30-kartenfehler\/\" aria-label=\"Mehr Informationen \u00fcber Garmin Virb Ultra 30 Kartenfehler\">Weiterlesen<\/a><\/p>\n","protected":false},"author":1,"featured_media":0,"parent":33,"menu_order":0,"comment_status":"closed","ping_status":"closed","template":"","meta":{"footnotes":""},"class_list":["post-37","page","type-page","status-publish"],"_links":{"self":[{"href":"https:\/\/stefanpaschke.de\/wordpress\/wp-json\/wp\/v2\/pages\/37","targetHints":{"allow":["GET"]}}],"collection":[{"href":"https:\/\/stefanpaschke.de\/wordpress\/wp-json\/wp\/v2\/pages"}],"about":[{"href":"https:\/\/stefanpaschke.de\/wordpress\/wp-json\/wp\/v2\/types\/page"}],"author":[{"embeddable":true,"href":"https:\/\/stefanpaschke.de\/wordpress\/wp-json\/wp\/v2\/users\/1"}],"replies":[{"embeddable":true,"href":"https:\/\/stefanpaschke.de\/wordpress\/wp-json\/wp\/v2\/comments?post=37"}],"version-history":[{"count":1,"href":"https:\/\/stefanpaschke.de\/wordpress\/wp-json\/wp\/v2\/pages\/37\/revisions"}],"predecessor-version":[{"id":38,"href":"https:\/\/stefanpaschke.de\/wordpress\/wp-json\/wp\/v2\/pages\/37\/revisions\/38"}],"up":[{"embeddable":true,"href":"https:\/\/stefanpaschke.de\/wordpress\/wp-json\/wp\/v2\/pages\/33"}],"wp:attachment":[{"href":"https:\/\/stefanpaschke.de\/wordpress\/wp-json\/wp\/v2\/media?parent=37"}],"curies":[{"name":"wp","href":"https:\/\/api.w.org\/{rel}","templated":true}]}}